{"id":18,"date":"2025-09-30T14:57:34","date_gmt":"2025-09-30T14:57:34","guid":{"rendered":"https:\/\/fqedu.pt\/?page_id=18"},"modified":"2025-10-05T09:42:10","modified_gmt":"2025-10-05T09:42:10","slug":"i-love-fq","status":"publish","type":"page","link":"https:\/\/fqedu.pt\/?page_id=18","title":{"rendered":"I LOVE FQ!"},"content":{"rendered":"\n<figure class=\"wp-block-image size-full\"><img loading=\"lazy\" decoding=\"async\" width=\"500\" height=\"333\" src=\"https:\/\/fqedu.pt\/wp-content\/uploads\/2025\/09\/I_love_FQ_LOGO2-edited.png\" alt=\"\" class=\"wp-image-43\" srcset=\"https:\/\/fqedu.pt\/wp-content\/uploads\/2025\/09\/I_love_FQ_LOGO2-edited.png 500w, https:\/\/fqedu.pt\/wp-content\/uploads\/2025\/09\/I_love_FQ_LOGO2-edited-300x200.png 300w\" sizes=\"auto, (max-width: 500px) 100vw, 500px\" \/><\/figure>\n\n\n\n<p>I Love FQ \u00e9 um s\u00edtio de apoio \u00e0s aulas de FQ do 10\u00ba e 11\u00ba anos. Trata-se de uma cole\u00e7\u00e3o de recursos organizada para tornar o estudo eficaz e mais interessante.<\/p>\n\n\n\n<div class=\"wp-block-cover has-custom-content-position is-position-bottom-center\" style=\"min-height:658px;aspect-ratio:unset;\"><img loading=\"lazy\" decoding=\"async\" width=\"256\" height=\"256\" class=\"wp-block-cover__image-background wp-image-23\" alt=\"\" src=\"https:\/\/fqedu.pt\/wp-content\/uploads\/2025\/09\/256px-Albert_Einstein_Fisico_teorico_alemao.webp.png\" data-object-fit=\"cover\" srcset=\"https:\/\/fqedu.pt\/wp-content\/uploads\/2025\/09\/256px-Albert_Einstein_Fisico_teorico_alemao.webp.png 256w, https:\/\/fqedu.pt\/wp-content\/uploads\/2025\/09\/256px-Albert_Einstein_Fisico_teorico_alemao.webp-150x150.png 150w\" sizes=\"auto, (max-width: 256px) 100vw, 256px\" \/><span aria-hidden=\"true\" class=\"wp-block-cover__background has-background-dim\"><\/span><div class=\"wp-block-cover__inner-container is-layout-flow wp-block-cover-is-layout-flow\">\n<blockquote class=\"wp-block-quote is-layout-flow wp-block-quote-is-layout-flow\"><cite>&#8220;O \u00fanico s\u00edtio onde o sucesso vem antes do trabalho \u00e9 no dicion\u00e1rio&#8221;<br>&#8211; Albert Einstein (1879-1955) f\u00edsico te\u00f3rico, Nobel da F\u00edsica.<\/cite><\/blockquote>\n<\/div><\/div>\n\n\n\n<div style=\"height:100px\" aria-hidden=\"true\" class=\"wp-block-spacer\"><\/div>\n\n\n\n<div class=\"wp-block-columns is-layout-flex wp-container-core-columns-is-layout-28f84493 wp-block-columns-is-layout-flex\">\n<div class=\"wp-block-column is-layout-flow wp-block-column-is-layout-flow\">\n<figure class=\"wp-block-image aligncenter size-full\"><a href=\"https:\/\/fqedu.pt\/?page_id=77\"><img loading=\"lazy\" decoding=\"async\" width=\"1024\" height=\"1024\" src=\"https:\/\/fqedu.pt\/wp-content\/uploads\/2025\/09\/10-ano.webp\" alt=\"\" class=\"wp-image-49\" srcset=\"https:\/\/fqedu.pt\/wp-content\/uploads\/2025\/09\/10-ano.webp 1024w, https:\/\/fqedu.pt\/wp-content\/uploads\/2025\/09\/10-ano-300x300.webp 300w, https:\/\/fqedu.pt\/wp-content\/uploads\/2025\/09\/10-ano-150x150.webp 150w, https:\/\/fqedu.pt\/wp-content\/uploads\/2025\/09\/10-ano-768x768.webp 768w\" sizes=\"auto, (max-width: 1024px) 100vw, 1024px\" \/><\/a><figcaption class=\"wp-element-caption\">10\u00ba ano de FQ<\/figcaption><\/figure>\n<\/div>\n\n\n\n<div class=\"wp-block-column is-layout-flow wp-block-column-is-layout-flow\">\n<figure class=\"wp-block-image aligncenter size-full\"><img loading=\"lazy\" decoding=\"async\" width=\"1024\" height=\"1024\" src=\"https:\/\/fqedu.pt\/wp-content\/uploads\/2025\/09\/11-ano.webp\" alt=\"\" class=\"wp-image-48\" srcset=\"https:\/\/fqedu.pt\/wp-content\/uploads\/2025\/09\/11-ano.webp 1024w, https:\/\/fqedu.pt\/wp-content\/uploads\/2025\/09\/11-ano-300x300.webp 300w, https:\/\/fqedu.pt\/wp-content\/uploads\/2025\/09\/11-ano-150x150.webp 150w, https:\/\/fqedu.pt\/wp-content\/uploads\/2025\/09\/11-ano-768x768.webp 768w\" sizes=\"auto, (max-width: 1024px) 100vw, 1024px\" \/><figcaption class=\"wp-element-caption\">11\u00ba ano de FQ<\/figcaption><\/figure>\n<\/div>\n\n\n\n<div class=\"wp-block-column is-layout-flow wp-block-column-is-layout-flow\">\n<figure class=\"wp-block-image aligncenter size-full\"><img loading=\"lazy\" decoding=\"async\" width=\"1024\" height=\"1024\" src=\"https:\/\/fqedu.pt\/wp-content\/uploads\/2025\/09\/Quero-mais.webp\" alt=\"\" class=\"wp-image-47\" srcset=\"https:\/\/fqedu.pt\/wp-content\/uploads\/2025\/09\/Quero-mais.webp 1024w, https:\/\/fqedu.pt\/wp-content\/uploads\/2025\/09\/Quero-mais-300x300.webp 300w, https:\/\/fqedu.pt\/wp-content\/uploads\/2025\/09\/Quero-mais-150x150.webp 150w, https:\/\/fqedu.pt\/wp-content\/uploads\/2025\/09\/Quero-mais-768x768.webp 768w\" sizes=\"auto, (max-width: 1024px) 100vw, 1024px\" \/><figcaption class=\"wp-element-caption\">Mais coisas<\/figcaption><\/figure>\n<\/div>\n<\/div>\n\n\n\n<h2 class=\"wp-block-heading\">Sobre o autor<\/h2>\n\n\n<div class=\"wp-block-avatar\"><img alt='Avatar de Lu\u00eds Gaspar' src='https:\/\/secure.gravatar.com\/avatar\/78aaf1a7232ec3af2ded517ae59743868b9d225db5ba0e7491ae0580afe08614?s=96&#038;d=mm&#038;r=g' srcset='https:\/\/secure.gravatar.com\/avatar\/78aaf1a7232ec3af2ded517ae59743868b9d225db5ba0e7491ae0580afe08614?s=192&#038;d=mm&#038;r=g 2x' class='avatar avatar-96 photo wp-block-avatar__image' height='96' width='96' \/><\/div>\n\n<div class=\"wp-block-post-author-biography\">Professor desde 1995.\r\nInicio na disciplina de F\u00edsico-Qu\u00edmica do ensino b\u00e1sico (7\u00ba-9\u00ba) no ensino p\u00fablico e privado, seguindo-se passagens pelo ensino secund\u00e1rio nas disciplinas de F\u00edsica e Qu\u00edmica, T\u00e9cnicas Laboratoriais de F\u00edsica e de Qu\u00edmica e no Curso profissional de T\u00e9cnico de An\u00e1lise Laboratorial entre outros. Acumula\u00e7\u00e3o em institui\u00e7\u00f5es de refer\u00eancia do ensino particular, a lecionar sobretudo a disciplina de F\u00edsica e Qu\u00edmica (10\u00ba-11\u00ba), ou Qu\u00edmica 12\u00ba.\r\nNa \u00faltima d\u00e9cada maioritariamente como professor da F\u00edsica e Qu\u00edmica do ensino secund\u00e1rio.<\/div>\n\n\n<div class=\"wp-block-group alignfull has-global-padding is-layout-constrained wp-block-group-is-layout-constrained\" style=\"margin-top:0px;padding-top:var(--wp--preset--spacing--x-large);padding-bottom:var(--wp--preset--spacing--small)\">\n<div class=\"wp-block-group alignfull has-background-color has-base-color has-contrast-background-color has-text-color has-background has-link-color wp-elements-f547872df638944af7e1bb041744813c has-global-padding is-layout-constrained wp-block-group-is-layout-constrained\" style=\"margin-top:0px;padding-top:var(--wp--preset--spacing--x-large);padding-bottom:var(--wp--preset--spacing--small)\">\n<h2 class=\"wp-block-heading has-text-align-center has-max-48-font-size\" id=\"let-s-connect\" style=\"margin-bottom:20px\">Contacto<\/h2>\n\n\n\n<div class=\"wp-block-buttons is-horizontal is-content-justification-center is-layout-flex wp-container-core-buttons-is-layout-315a616c wp-block-buttons-is-layout-flex\" style=\"margin-bottom:var(--wp--preset--spacing--x-large)\">\n<div class=\"wp-block-button\"><a class=\"wp-block-button__link wp-element-button\" href=\"mailto:geral@fqedu.pt\">e-mail \u2192<\/a><\/div>\n<\/div>\n\n\n\n<p class=\"has-text-align-center has-small-font-size\"> 2025 fqedu.pt<\/p>\n<\/div>\n<\/div>\n","protected":false},"excerpt":{"rendered":"<p>I Love FQ \u00e9 um s\u00edtio de apoio \u00e0s aulas de FQ do 10\u00ba e 11\u00ba anos. Trata-se de uma cole\u00e7\u00e3o de recursos organizada para tornar o estudo eficaz e mais interessante. Sobre o autor Contacto 2025 fqedu.pt<\/p>\n","protected":false},"author":1,"featured_media":0,"parent":0,"menu_order":0,"comment_status":"closed","ping_status":"closed","template":"","meta":{"footnotes":""},"class_list":["post-18","page","type-page","status-publish","hentry"],"_links":{"self":[{"href":"https:\/\/fqedu.pt\/index.php?rest_route=\/wp\/v2\/pages\/18","targetHints":{"allow":["GET"]}}],"collection":[{"href":"https:\/\/fqedu.pt\/index.php?rest_route=\/wp\/v2\/pages"}],"about":[{"href":"https:\/\/fqedu.pt\/index.php?rest_route=\/wp\/v2\/types\/page"}],"author":[{"embeddable":true,"href":"https:\/\/fqedu.pt\/index.php?rest_route=\/wp\/v2\/users\/1"}],"replies":[{"embeddable":true,"href":"https:\/\/fqedu.pt\/index.php?rest_route=%2Fwp%2Fv2%2Fcomments&post=18"}],"version-history":[{"count":14,"href":"https:\/\/fqedu.pt\/index.php?rest_route=\/wp\/v2\/pages\/18\/revisions"}],"predecessor-version":[{"id":123,"href":"https:\/\/fqedu.pt\/index.php?rest_route=\/wp\/v2\/pages\/18\/revisions\/123"}],"wp:attachment":[{"href":"https:\/\/fqedu.pt\/index.php?rest_route=%2Fwp%2Fv2%2Fmedia&parent=18"}],"curies":[{"name":"wp","href":"https:\/\/api.w.org\/{rel}","templated":true}]}}