{"id":73,"date":"2025-10-05T09:10:11","date_gmt":"2025-10-05T09:10:11","guid":{"rendered":"https:\/\/fqedu.pt\/?page_id=73"},"modified":"2025-10-05T09:10:11","modified_gmt":"2025-10-05T09:10:11","slug":"10o-ano-de-fq","status":"publish","type":"page","link":"https:\/\/fqedu.pt\/?page_id=73","title":{"rendered":"10\u00ba ano de FQ"},"content":{"rendered":"\n<h2 class=\"wp-block-heading\">Recursos e informa\u00e7\u00f5es organizados de acordo com os seguintes dom\u00ednios:<\/h2>\n\n\n\n<ul class=\"wp-block-list\">\n<li><strong><a href=\"https:\/\/fqedu.pt\/?page_id=77\" data-type=\"page\" data-id=\"77\">Qu\u00edmica<\/a><\/strong>\n<ul class=\"wp-block-list\">\n<li>Elementos qu\u00edmicos e sua organiza\u00e7\u00e3o\n<ul class=\"wp-block-list\">\n<li>Massa e tamanho dos \u00e1tomos<\/li>\n\n\n\n<li>Energia dos eletr\u00f5es nos \u00e1tomos<\/li>\n\n\n\n<li><strong>Tabela Peri\u00f3dica<\/strong><\/li>\n<\/ul>\n<\/li>\n\n\n\n<li>Propriedades e transforma\u00e7\u00f5es da mat\u00e9ria\n<ul class=\"wp-block-list\">\n<li>Liga\u00e7\u00e3o qu\u00edmica<\/li>\n\n\n\n<li>Gases e dispers\u00f5es<\/li>\n\n\n\n<li><strong>Transforma\u00e7\u00f5es qu\u00edmicas<\/strong><\/li>\n<\/ul>\n<\/li>\n\n\n\n<li><a href=\"https:\/\/fqedu.pt\/?page_id=109\" data-type=\"page\" data-id=\"109\">Resolu\u00e7\u00f5es<\/a><\/li>\n<\/ul>\n<\/li>\n\n\n\n<li><strong>F\u00edsica<\/strong>\n<ul class=\"wp-block-list\">\n<li>Energia e a sua conserva\u00e7\u00e3o<\/li>\n\n\n\n<li>Energia e fen\u00f3menos el\u00e9tricos<\/li>\n\n\n\n<li>Energia, fen\u00f3menos t\u00e9rmicos e radia\u00e7\u00e3o<\/li>\n<\/ul>\n<\/li>\n<\/ul>\n\n\n\n<p><\/p>\n","protected":false},"excerpt":{"rendered":"<p>Recursos e informa\u00e7\u00f5es organizados de acordo com os seguintes dom\u00ednios:<\/p>\n","protected":false},"author":1,"featured_media":0,"parent":0,"menu_order":1,"comment_status":"closed","ping_status":"closed","template":"","meta":{"footnotes":""},"class_list":["post-73","page","type-page","status-publish","hentry"],"_links":{"self":[{"href":"https:\/\/fqedu.pt\/index.php?rest_route=\/wp\/v2\/pages\/73","targetHints":{"allow":["GET"]}}],"collection":[{"href":"https:\/\/fqedu.pt\/index.php?rest_route=\/wp\/v2\/pages"}],"about":[{"href":"https:\/\/fqedu.pt\/index.php?rest_route=\/wp\/v2\/types\/page"}],"author":[{"embeddable":true,"href":"https:\/\/fqedu.pt\/index.php?rest_route=\/wp\/v2\/users\/1"}],"replies":[{"embeddable":true,"href":"https:\/\/fqedu.pt\/index.php?rest_route=%2Fwp%2Fv2%2Fcomments&post=73"}],"version-history":[{"count":3,"href":"https:\/\/fqedu.pt\/index.php?rest_route=\/wp\/v2\/pages\/73\/revisions"}],"predecessor-version":[{"id":118,"href":"https:\/\/fqedu.pt\/index.php?rest_route=\/wp\/v2\/pages\/73\/revisions\/118"}],"wp:attachment":[{"href":"https:\/\/fqedu.pt\/index.php?rest_route=%2Fwp%2Fv2%2Fmedia&parent=73"}],"curies":[{"name":"wp","href":"https:\/\/api.w.org\/{rel}","templated":true}]}}